{"id":79,"date":"2017-11-15T12:34:12","date_gmt":"2017-11-15T12:34:12","guid":{"rendered":"https:\/\/www.drborn-liquid.de\/blog\/?page_id=79"},"modified":"2017-12-13T08:08:40","modified_gmt":"2017-12-13T08:08:40","slug":"impressum","status":"publish","type":"page","link":"https:\/\/www.drborn-liquid.de\/blog\/impressum\/","title":{"rendered":"Impressum"},"content":{"rendered":"<div class=\"csc-header csc-header-n1\">\n<p><strong>Juventas Products GmbH<\/strong><\/p>\n<p>Gesch\u00e4ftsf\u00fchrer: Frank Strau\u00df<br \/>\nLindenstr. 8<br \/>\n58256 Ennepetal<\/p>\n<p>Telefon: 02333 &#8211; 6080860<br \/>\nTelefax: 02333 &#8211; 6080869<br \/>\nE-Mail:\u00a0service@drborn-liquid.de<\/p>\n<p>HRB 10292<br \/>\nAmtsgericht Hagen<br \/>\nUst.ID : DE306321979<br \/>\nSteuer Nr.: 341\/5712\/0508<\/p>\n<p><strong>Online-Streitbeilegung<\/strong>\u00a0gem\u00e4\u00df Art. 14 Abs. 1 ODR-VO: Die Europ\u00e4ische Kommission stellt eine Plattform zur Online-Streitbeilegung (OS) bereit, die Sie unter\u00a0ec.europa.eu\/consumers\/odr\/\u00a0finden.<\/p>\n<p><strong>Bankverbindung:<\/strong><br \/>\nKontoinhaber: Juventas Products GmbH<br \/>\nInstitut: Sparkasse Ennepetal<br \/>\nIBAN: DE95454510600000092270<br \/>\nBIC: WELADED1 ENE<\/p>\n<\/div>\n<p><strong>Bildquellenachweis:<br \/>\n<\/strong>Leonardo DiCaprio &#8211;\u00a0<a href=\"https:\/\/www.flickr.com\/photos\/124448708@N02\/\" target=\"_blank\" rel=\"noopener\">Danny Harrison<\/a><br \/>\nKatherine Heigl &#8211; <a href=\"http:\/\/lukeford.net\/\" target=\"_blank\" rel=\"noopener\">Luke Ford<\/a><\/p>\n<div class=\"csc-textpic-text\"><\/div>\n","protected":false},"excerpt":{"rendered":"<p>Juventas Products GmbH Gesch\u00e4ftsf\u00fchrer: Frank Strau\u00df Lindenstr. 8 58256 Ennepetal Telefon: 02333 &#8211; 6080860 Telefax: 02333 &#8211; 6080869 E-Mail:\u00a0service@drborn-liquid.de HRB 10292 Amtsgericht Hagen Ust.ID : DE306321979 Steuer Nr.: 341\/5712\/0508 Online-Streitbeilegung\u00a0gem\u00e4\u00df Art. 14 Abs. 1 ODR-VO: Die Europ\u00e4ische Kommission stellt eine Plattform zur Online-Streitbeilegung (OS) bereit, die Sie unter\u00a0ec.europa.eu\/consumers\/odr\/\u00a0finden. Bankverbindung: Kontoinhaber: Juventas Products GmbH Institut: Sparkasse &hellip; <\/p>\n<p class=\"link-more\"><a href=\"https:\/\/www.drborn-liquid.de\/blog\/impressum\/\" class=\"more-link\">Continue reading<span class=\"screen-reader-text\"> &#8222;Impressum&#8220;<\/span><\/a><\/p>\n","protected":false},"author":1,"featured_media":0,"parent":0,"menu_order":0,"comment_status":"closed","ping_status":"closed","template":"","meta":[],"aioseo_notices":[],"_links":{"self":[{"href":"https:\/\/www.drborn-liquid.de\/blog\/wp-json\/wp\/v2\/pages\/79"}],"collection":[{"href":"https:\/\/www.drborn-liquid.de\/blog\/wp-json\/wp\/v2\/pages"}],"about":[{"href":"https:\/\/www.drborn-liquid.de\/blog\/wp-json\/wp\/v2\/types\/page"}],"author":[{"embeddable":true,"href":"https:\/\/www.drborn-liquid.de\/blog\/wp-json\/wp\/v2\/users\/1"}],"replies":[{"embeddable":true,"href":"https:\/\/www.drborn-liquid.de\/blog\/wp-json\/wp\/v2\/comments?post=79"}],"version-history":[{"count":6,"href":"https:\/\/www.drborn-liquid.de\/blog\/wp-json\/wp\/v2\/pages\/79\/revisions"}],"predecessor-version":[{"id":115,"href":"https:\/\/www.drborn-liquid.de\/blog\/wp-json\/wp\/v2\/pages\/79\/revisions\/115"}],"wp:attachment":[{"href":"https:\/\/www.drborn-liquid.de\/blog\/wp-json\/wp\/v2\/media?parent=79"}],"curies":[{"name":"wp","href":"https:\/\/api.w.org\/{rel}","templated":true}]}}